
{"id":17,"date":"2016-07-09T22:38:52","date_gmt":"2016-07-09T22:38:52","guid":{"rendered":"http:\/\/www.vadfeldolgozo.hu\/de\/?page_id=17"},"modified":"2020-09-14T13:31:24","modified_gmt":"2020-09-14T13:31:24","slug":"elerhetoseg","status":"publish","type":"page","link":"https:\/\/www.vadfeldolgozo.hu\/de\/elerhetoseg\/","title":{"rendered":"Kontakt"},"content":{"rendered":"<p align=\"center\"><b>\u00d6REGLAKI VADFELDOLGOZ\u00d3 Kft.<\/b><\/p>\n<p align=\"center\">H-8697 \u00d6reglak, Vasadi-hegy &#8211; Ungarn<\/p>\n<p align=\"center\">Telefon: +36-85\/530-014<br \/>\n+36-30\/505-0342 ;&nbsp; &nbsp;+36-85\/330-610<\/p>\n<p align=\"center\">Fax: +36-85\/331-953 , +36-85\/530-051<\/p>\n<p align=\"center\"><a href=\"mailto:trade@vadfeldolgozo.hu\">E-mail&nbsp;<\/a><\/p>\n<p align=\"center\">Karten:<\/p>\n<p style=\"text-align: center;\"><iframe loading=\"lazy\" style=\"border: 0;\" src=\"https:\/\/www.google.com\/maps\/embed?pb=!1m14!1m8!1m3!1d980106.6950505286!2d17.035864121095972!3d47.27158223701792!3m2!1i1024!2i768!4f13.1!3m3!1m2!1s0x0%3A0x67706921bcc5379!2s%C3%96reglaki+Vadfeldolgoz%C3%B3+Kft.!5e0!3m2!1shu!2shu!4v1470471857022\" width=\"600\" height=\"450\" frameborder=\"0\" allowfullscreen=\"allowfullscreen\"><\/iframe><\/p>\n<p align=\"center\">&nbsp;<\/p>\n","protected":false},"excerpt":{"rendered":"<p>\u00d6REGLAKI VADFELDOLGOZ\u00d3 Kft. H-8697 \u00d6reglak, Vasadi-hegy &#8211; Ungarn Telefon: +36-85\/530-014 +36-30\/505-0342 ;&nbsp; &nbsp;+36-85\/330-610 Fax: +36-85\/331-953 , +36-85\/530-051 E-mail&nbsp; Karten: &nbsp;<\/p>\n","protected":false},"author":1,"featured_media":0,"parent":0,"menu_order":0,"comment_status":"closed","ping_status":"closed","template":"","meta":{"_seopress_robots_primary_cat":"","_seopress_titles_title":"","_seopress_titles_desc":"","_seopress_robots_index":"","ngg_post_thumbnail":0,"footnotes":""},"class_list":["post-17","page","type-page","status-publish","hentry","clearfix"],"_links":{"self":[{"href":"https:\/\/www.vadfeldolgozo.hu\/de\/wp-json\/wp\/v2\/pages\/17","targetHints":{"allow":["GET"]}}],"collection":[{"href":"https:\/\/www.vadfeldolgozo.hu\/de\/wp-json\/wp\/v2\/pages"}],"about":[{"href":"https:\/\/www.vadfeldolgozo.hu\/de\/wp-json\/wp\/v2\/types\/page"}],"author":[{"embeddable":true,"href":"https:\/\/www.vadfeldolgozo.hu\/de\/wp-json\/wp\/v2\/users\/1"}],"replies":[{"embeddable":true,"href":"https:\/\/www.vadfeldolgozo.hu\/de\/wp-json\/wp\/v2\/comments?post=17"}],"version-history":[{"count":7,"href":"https:\/\/www.vadfeldolgozo.hu\/de\/wp-json\/wp\/v2\/pages\/17\/revisions"}],"predecessor-version":[{"id":74,"href":"https:\/\/www.vadfeldolgozo.hu\/de\/wp-json\/wp\/v2\/pages\/17\/revisions\/74"}],"wp:attachment":[{"href":"https:\/\/www.vadfeldolgozo.hu\/de\/wp-json\/wp\/v2\/media?parent=17"}],"curies":[{"name":"wp","href":"https:\/\/api.w.org\/{rel}","templated":true}]}}