
{"id":12,"date":"2016-07-09T12:16:56","date_gmt":"2016-07-09T12:16:56","guid":{"rendered":"http:\/\/www.vadfeldolgozo.hu\/de\/?page_id=12"},"modified":"2025-01-13T15:09:36","modified_gmt":"2025-01-13T15:09:36","slug":"oreglaki-vadfeldolgozo-kft","status":"publish","type":"page","link":"https:\/\/www.vadfeldolgozo.hu\/de\/","title":{"rendered":"Die \u00d6reglak Wildverarbeitungs GmbH."},"content":{"rendered":"<p align=\"justify\"><img loading=\"lazy\" decoding=\"async\" class=\"alignleft wp-image-18 size-full\" src=\"http:\/\/www.vadfeldolgozo.hu\/wp-content\/uploads\/2016\/07\/vadfeldolgozas.jpg\" alt=\"vadfeldolgozas\" width=\"261\" height=\"302\"><\/p>\n<p align=\"justify\">Die \u00d6reglak Wildverarbeitungs GmbH. verbindet Tradition und Modernit\u00e4t miteinander.<\/p>\n<p align=\"justify\">Die Gesellschafterstruktur mit 98 % Gesellschaftsanteilen in H\u00e4nden von staatlichen Forstverwaltungen stellt die Verwurzelung in der ungarischen Jagd sicher. Etwa drei Viertel des Inlandseinkaufs kommen aus den Forstg\u00fctern der Gesellschafter. In keiner anderen Region des Landes gibt es kr\u00e4ftigeres Rotwild als in der Provinz Somogy, wo unsere Firma ihren Sitz hat.<\/p>\n<p align=\"justify\">In unserem Vertrieb hat sp\u00e4testens nach dem Beitritt Ungarns zur Europ\u00e4ischen Union die Globalisierung Einzug gehalten. So liefern wir palettenweise frisches und tiefgek\u00fchltes Wild in marktg\u00e4ngigen Abpackungen an Gro\u00dfh\u00e4ndler von S\u00fcditalien bis Schweden.<\/p>\n<p align=\"justify\">Unsere Gesellschaftsform ist eine GmbH. mit einem schlanken und erfahrenen Management, das schnell auf alle Marktgegebenheiten reagieren kann.<\/p>\n<p>&nbsp;<\/p>\n","protected":false},"excerpt":{"rendered":"<p>Die \u00d6reglak Wildverarbeitungs GmbH. verbindet Tradition und Modernit\u00e4t miteinander. Die Gesellschafterstruktur mit 98 % Gesellschaftsanteilen in H\u00e4nden von staatlichen Forstverwaltungen stellt die Verwurzelung in der ungarischen Jagd sicher. Etwa drei Viertel des Inlandseinkaufs kommen aus den Forstg\u00fctern der Gesellschafter. In keiner anderen Region des Landes gibt es kr\u00e4ftigeres Rotwild als in der Provinz Somogy, wo [&hellip;]<\/p>\n","protected":false},"author":1,"featured_media":0,"parent":0,"menu_order":0,"comment_status":"closed","ping_status":"closed","template":"","meta":{"_seopress_robots_primary_cat":"","_seopress_titles_title":"","_seopress_titles_desc":"","_seopress_robots_index":"","ngg_post_thumbnail":0,"footnotes":""},"class_list":["post-12","page","type-page","status-publish","hentry","clearfix"],"_links":{"self":[{"href":"https:\/\/www.vadfeldolgozo.hu\/de\/wp-json\/wp\/v2\/pages\/12","targetHints":{"allow":["GET"]}}],"collection":[{"href":"https:\/\/www.vadfeldolgozo.hu\/de\/wp-json\/wp\/v2\/pages"}],"about":[{"href":"https:\/\/www.vadfeldolgozo.hu\/de\/wp-json\/wp\/v2\/types\/page"}],"author":[{"embeddable":true,"href":"https:\/\/www.vadfeldolgozo.hu\/de\/wp-json\/wp\/v2\/users\/1"}],"replies":[{"embeddable":true,"href":"https:\/\/www.vadfeldolgozo.hu\/de\/wp-json\/wp\/v2\/comments?post=12"}],"version-history":[{"count":8,"href":"https:\/\/www.vadfeldolgozo.hu\/de\/wp-json\/wp\/v2\/pages\/12\/revisions"}],"predecessor-version":[{"id":91,"href":"https:\/\/www.vadfeldolgozo.hu\/de\/wp-json\/wp\/v2\/pages\/12\/revisions\/91"}],"wp:attachment":[{"href":"https:\/\/www.vadfeldolgozo.hu\/de\/wp-json\/wp\/v2\/media?parent=12"}],"curies":[{"name":"wp","href":"https:\/\/api.w.org\/{rel}","templated":true}]}}